{"id":818,"date":"2016-02-16T14:01:22","date_gmt":"2016-02-16T14:01:22","guid":{"rendered":"https:\/\/rekakompresor.com\/en\/?page_id=818"},"modified":"2016-06-27T12:19:16","modified_gmt":"2016-06-27T12:19:16","slug":"contact","status":"publish","type":"page","link":"https:\/\/rekakompresor.com\/en\/contact","title":{"rendered":"Contact"},"content":{"rendered":"<div class=\"sixteen columns  alpha\"><div class=\"headline no-margin\"><h3>Reka Screw Compressor &#8211; \u0130stanbul<\/h3><\/div><span style=\"font-size: 15px;\">Y\u0131ld\u0131r\u0131m Beyaz\u0131t Cad. No: 60\/1A<\/span><br \/>\n<span style=\"font-size: 15px;\">Arnavutk\u00f6y \/ \u0130stanbul<\/span><br \/>\n<br \/>\n<span style=\"font-size: 15px;\"><strong>Phone<\/strong>: <a href=\"#\">+90(212) 544 01 01<\/a> (PBX)<\/span><br \/>\n<span style=\"font-size: 15px;\"> <strong>Fax<\/strong>: +90(212) 501 75 97<\/span><br \/>\n<br \/>\n<\/div>\n<div class=\"eight columns  alpha\"> <div class=\"headline no-margin\"><h4>Contact Form<\/h4><\/div><br \/>\n<div role=\"form\" class=\"wpcf7\" id=\"wpcf7-f823-o1\" lang=\"en-US\" dir=\"ltr\">\n<div class=\"screen-reader-response\" role=\"alert\" aria-live=\"polite\"><\/div>\n<form action=\"\/en\/wp-json\/wp\/v2\/pages\/818#wpcf7-f823-o1\" method=\"post\" class=\"wpcf7-form init\" novalidate=\"novalidate\">\n<div style=\"display: none;\">\n<input type=\"hidden\" name=\"_wpcf7\" value=\"823\" \/>\n<input type=\"hidden\" name=\"_wpcf7_version\" value=\"5.2.2\" \/>\n<input type=\"hidden\" name=\"_wpcf7_locale\" value=\"en_US\" \/>\n<input type=\"hidden\" name=\"_wpcf7_unit_tag\" value=\"wpcf7-f823-o1\" \/>\n<input type=\"hidden\" name=\"_wpcf7_container_post\" value=\"0\" \/>\n<input type=\"hidden\" name=\"_wpcf7_posted_data_hash\" value=\"\" \/>\n<\/div>\n<div class=\"field\">\n<label>Name, Surname:<\/label> <span class=\"wpcf7-form-control-wrap your-name\"><input type=\"text\" name=\"your-name\" value=\"\" size=\"40\" class=\"wpcf7-form-control wpcf7-text\" aria-invalid=\"false\" \/><\/span>\n<\/div>\n<div class=\"field\">\n<label>Phone:<\/label> <span class=\"wpcf7-form-control-wrap your-gsm\"><input type=\"text\" name=\"your-gsm\" value=\"\" size=\"40\" class=\"wpcf7-form-control wpcf7-text\" aria-invalid=\"false\" \/><\/span>\n<\/div>\n<div class=\"field\">\n<label>Email: <span style=\"color:#e4280f;\">*<\/span><\/label> <span class=\"wpcf7-form-control-wrap your-email\"><input type=\"email\" name=\"your-email\" value=\"\" size=\"40\" class=\"wpcf7-form-control wpcf7-text wpcf7-email wpcf7-validates-as-required wpcf7-validates-as-email\" aria-required=\"true\" aria-invalid=\"false\" \/><\/span>\n<\/div>\n<div class=\"field\">\n<label>Subject:  <span style=\"color:#e4280f;\">*<\/span><\/label> <span class=\"wpcf7-form-control-wrap your-subject\"><input type=\"text\" name=\"your-subject\" value=\"\" size=\"40\" class=\"wpcf7-form-control wpcf7-text wpcf7-validates-as-required\" aria-required=\"true\" aria-invalid=\"false\" \/><\/span>\n<\/div>\n<div class=\"field\">\n<label>Message:  <span style=\"color:#e4280f;\">*<\/span><\/label> <span class=\"wpcf7-form-control-wrap your-message\"><textarea name=\"your-message\" cols=\"40\" rows=\"10\" class=\"wpcf7-form-control wpcf7-textarea wpcf7-validates-as-required\" aria-required=\"true\" aria-invalid=\"false\"><\/textarea><\/span>\n<\/div>\n<div class=\"field\"><input type=\"submit\" value=\"Submit\" class=\"wpcf7-form-control wpcf7-submit button medium color\" \/><\/div>\n<div class=\"wpcf7-response-output\" role=\"alert\" aria-hidden=\"true\"><\/div><\/form><\/div> <\/div>\n<div class=\"eight columns google-map omega\"> <div class=\"headline no-margin\"><h4>Address Map &#8211; \u0130stanbul<\/h4><\/div><iframe style=\"border: 0; width: 100%;\" src=\"https:\/\/www.google.com\/maps\/embed\/v1\/place?q=41.190668%2C%2028.745293&#038;key=AIzaSyAN0om9mFmy1QN6Wf54tXAowK4eT0ZUPrU\" width=\"460\" height=\"590\" frameborder=\"0\"><\/iframe><br \/>\n<\/div><br class=\"clear\" \/>\n","protected":false},"excerpt":{"rendered":"","protected":false},"author":1,"featured_media":0,"parent":0,"menu_order":5,"comment_status":"closed","ping_status":"closed","template":"template-full.php","meta":{"ngg_post_thumbnail":0},"yoast_head":"<!-- This site is optimized with the Yoast SEO plugin v14.9 - https:\/\/yoast.com\/wordpress\/plugins\/seo\/ -->\n<meta name=\"robots\" content=\"index, follow, max-snippet:-1, max-image-preview:large, max-video-preview:-1\" \/>\n<link rel=\"canonical\" href=\"https:\/\/rekakompresor.com\/en\/contact\" \/>\n<meta property=\"og:locale\" content=\"en_US\" \/>\n<meta property=\"og:type\" content=\"article\" \/>\n<meta property=\"og:title\" content=\"Contact | Reka Kompres\u00f6r\" \/>\n<meta property=\"og:url\" content=\"https:\/\/rekakompresor.com\/en\/contact\" \/>\n<meta property=\"og:site_name\" content=\"Reka Kompres\u00f6r\" \/>\n<meta property=\"article:modified_time\" content=\"2016-06-27T12:19:16+00:00\" \/>\n<script type=\"application\/ld+json\" class=\"yoast-schema-graph\">{\"@context\":\"https:\/\/schema.org\",\"@graph\":[{\"@type\":\"WebSite\",\"@id\":\"https:\/\/rekakompresor.com\/en\/#website\",\"url\":\"https:\/\/rekakompresor.com\/en\/\",\"name\":\"Reka Kompres\\u00f6r\",\"description\":\"\",\"potentialAction\":[{\"@type\":\"SearchAction\",\"target\":\"https:\/\/rekakompresor.com\/en\/?s={search_term_string}\",\"query-input\":\"required name=search_term_string\"}],\"inLanguage\":\"en-US\"},{\"@type\":\"WebPage\",\"@id\":\"https:\/\/rekakompresor.com\/en\/contact#webpage\",\"url\":\"https:\/\/rekakompresor.com\/en\/contact\",\"name\":\"Contact | Reka Kompres\\u00f6r\",\"isPartOf\":{\"@id\":\"https:\/\/rekakompresor.com\/en\/#website\"},\"datePublished\":\"2016-02-16T14:01:22+00:00\",\"dateModified\":\"2016-06-27T12:19:16+00:00\",\"inLanguage\":\"en-US\",\"potentialAction\":[{\"@type\":\"ReadAction\",\"target\":[\"https:\/\/rekakompresor.com\/en\/contact\"]}]}]}<\/script>\n<!-- \/ Yoast SEO plugin. -->","_links":{"self":[{"href":"https:\/\/rekakompresor.com\/en\/wp-json\/wp\/v2\/pages\/818"}],"collection":[{"href":"https:\/\/rekakompresor.com\/en\/wp-json\/wp\/v2\/pages"}],"about":[{"href":"https:\/\/rekakompresor.com\/en\/wp-json\/wp\/v2\/types\/page"}],"author":[{"embeddable":true,"href":"https:\/\/rekakompresor.com\/en\/wp-json\/wp\/v2\/users\/1"}],"replies":[{"embeddable":true,"href":"https:\/\/rekakompresor.com\/en\/wp-json\/wp\/v2\/comments?post=818"}],"version-history":[{"count":5,"href":"https:\/\/rekakompresor.com\/en\/wp-json\/wp\/v2\/pages\/818\/revisions"}],"predecessor-version":[{"id":906,"href":"https:\/\/rekakompresor.com\/en\/wp-json\/wp\/v2\/pages\/818\/revisions\/906"}],"wp:attachment":[{"href":"https:\/\/rekakompresor.com\/en\/wp-json\/wp\/v2\/media?parent=818"}],"curies":[{"name":"wp","href":"https:\/\/api.w.org\/{rel}","templated":true}]}}