{"id":803,"date":"2016-02-16T13:39:42","date_gmt":"2016-02-16T13:39:42","guid":{"rendered":"https:\/\/rekakompresor.com\/en\/?page_id=803"},"modified":"2016-02-16T18:43:31","modified_gmt":"2016-02-16T18:43:31","slug":"home-page","status":"publish","type":"page","link":"https:\/\/rekakompresor.com\/en\/","title":{"rendered":"Home Page"},"content":{"rendered":"<div class=\"columns eight  alpha\"> <div class=\"headline no-margin\"><h3>Reka Screw Compressor<\/h3><\/div><\/p>\n<p>Providing a service since its foundation in 1965 and up until the present day, our company has always broken new ground in the field of compressed air equipment. <\/p>\n<p>Reka offers efficient and economical solutions in order to address all compressed air and equipment needs of a number of companies, from large industrial organizations to small scale organizations and workshops. <\/p>\n<p><a class=\"button medium color\" href=\"https:\/\/rekakompresor.com\/hakkimizda\" > Detailed Information <\/a> <\/div>\n<p><div class=\"four columns  alpha\"> <div class=\"headline no-margin\"><h3> Compressor <\/h3><\/div><\/p>\n<ul class=\"square_list\">\n<li>Piston Compressors<\/li>\n<\/ul>\n<ul class=\"square_list\">\n<li>Silent Compressors<\/li>\n<\/ul>\n<ul class=\"square_list\">\n<li>Screw Air Compressors<\/li>\n<\/ul>\n<ul class=\"square_list\">\n<li>On-Tank Screw Compressors<\/li>\n<\/ul>\n<ul class=\"square_list\">\n<li>Soft Drive Screw Air Compressors<\/li>\n<\/ul>\n<ul class=\"square_list\">\n<li>Air Tanks<\/li>\n<\/ul>\n<ul class=\"square_list\">\n<li>Air Dryers<\/li>\n<\/ul>\n<ul class=\"square_list\">\n<li>Water Trap Filters<\/li>\n<\/ul>\n<p><\/div> <div class=\"four columns testimonial-container omega\"><div class=\"headline no-margin\"><h3>Customer Reviews<\/h3><\/div> <div class=\"testimonials-carousel\" data-autorotate=\"3000\"><ul class=\"carousel\"><li class=\"testimonial\"><div class=\"testimonials\">\u0130\u015flemleriniz i\u00e7in her sorunuza itina ile cevap veren sat\u0131\u015f temsilcisi ile harika bir hizmet veren firma.<\/div><div class=\"testimonials-bg\"><\/div><div class=\"testimonials-author\">H\u00fcseyin Erdo\u011fan, <span>Erdo\u011fan Deri<\/span><\/div><\/li> <li class=\"testimonial\"><div class=\"testimonials\"> Servis hizmetlerini \u00e7ok k\u0131sa s\u00fcrede \u00e7\u00f6z\u00fcmlemeleri oldu, vidal\u0131 kompres\u00f6r\u00fcn sat\u0131\u015f\u0131nda ve daha sonra periyodik bak\u0131m\u0131nda yard\u0131mc\u0131 olan reka kompres\u00f6r \u00e7al\u0131\u015fanlar\u0131na \u00e7ok te\u015fekk\u00fcr ederim. <\/div><div class=\"testimonials-bg\"><\/div><div class=\"testimonials-author\">\u0130smail Sapan, <span>\u00c7elik Tekstil<\/span><\/div><\/li> <li class=\"testimonial\"><div class=\"testimonials\">Reka kompres\u00f6r, 30 hplik vidal\u0131 kompres\u00f6r seti ald\u0131m zaman\u0131nda teslim edip kompres\u00f6r\u00fc kurdular, fiyatlar\u0131da di\u011fer markalar\u0131n fiyatlar\u0131ndan daha cazip, \u00fcstelik ayn\u0131 \u00fcr\u00fcnlerden imal ediyorlar ve servisleri \u00e7ok h\u0131zl\u0131.<\/div><div class=\"testimonials-bg\"><\/div><div class=\"testimonials-author\">Ertu\u011frul Mutlu, <span>Mutlu Cam<\/span><\/div><\/li><li class=\"testimonial\"><div class=\"testimonials\">Kompres\u00f6r sipari\u015fi verdikten 40 \u2013 45 dakika sonra pistonlu kompres\u00f6r i\u015fyerime geldi. Bu kadar h\u0131zl\u0131 al\u0131\u015fveri\u015f yapt\u0131\u011f\u0131m i\u00e7in \u00e7ok mutlu oldum. <\/div><div class=\"testimonials-bg\"><\/div><div class=\"testimonials-author\">Nihat Ak\u0131ner, <span>Ak\u0131ner Makine<\/span><\/div><\/li><br \/>\n<\/ul><\/div><br \/>\n<\/div><br class=\"clear\" \/><\/p>\n<p><div class=\"columns sixteen   \"><div class=\"headline low-margin\"><h3>Screw Compressor<\/h3><\/div><\/div><br \/>\n<div class=\"four columns\"><div class=\"picture\"><a  href=\"https:\/\/rekakompresor.com\/en\/urun\/soft-drive-screw-air-compressors\"><img width=\"300\" height=\"200\" src=\"https:\/\/rekakompresor.com\/wp-content\/uploads\/2016\/02\/soft-drive-screw-air-compressors-300x200.jpg\" class=\"attachment-portfolio-thumb size-portfolio-thumb wp-post-image\" alt=\"\" loading=\"lazy\" srcset=\"https:\/\/rekakompresor.com\/wp-content\/uploads\/2016\/02\/soft-drive-screw-air-compressors-300x200.jpg 300w, https:\/\/rekakompresor.com\/wp-content\/uploads\/2016\/02\/soft-drive-screw-air-compressors-768x512.jpg 768w, https:\/\/rekakompresor.com\/wp-content\/uploads\/2016\/02\/soft-drive-screw-air-compressors.jpg 940w\" sizes=\"(max-width: 300px) 100vw, 300px\" \/><div class=\"image-overlay-link\"><\/div><\/a><\/div> <div class=\"item-description\"><h5><a href=\"https:\/\/rekakompresor.com\/en\/urun\/soft-drive-screw-air-compressors\">Soft Drive Screw Air Compressors<\/a><\/h5><p>Soft drive screw compressors are the only solution that respond quickly.<\/p><\/div><\/div><div class=\"four columns\"><div class=\"picture\"><a  href=\"https:\/\/rekakompresor.com\/en\/urun\/on-tank-screw-compressor\"><img width=\"300\" height=\"200\" src=\"https:\/\/rekakompresor.com\/wp-content\/uploads\/2016\/02\/on-tank-screw-compressor-300x200.png\" class=\"attachment-portfolio-thumb size-portfolio-thumb wp-post-image\" alt=\"\" loading=\"lazy\" \/><div class=\"image-overlay-link\"><\/div><\/a><\/div> <div class=\"item-description\"><h5><a href=\"https:\/\/rekakompresor.com\/en\/urun\/on-tank-screw-compressor\">On-Tank Screw Compressor<\/a><\/h5><p>On-Tank Screw Compressors satisfy maximum requirements with minimum power consumption.<\/p><\/div><\/div><div class=\"four columns\"><div class=\"picture\"><a  href=\"https:\/\/rekakompresor.com\/en\/urun\/screw-air-compressors\"><img width=\"300\" height=\"200\" src=\"https:\/\/rekakompresor.com\/wp-content\/uploads\/2016\/02\/screw-air-compressors-300x200.jpg\" class=\"attachment-portfolio-thumb size-portfolio-thumb wp-post-image\" alt=\"\" loading=\"lazy\" srcset=\"https:\/\/rekakompresor.com\/wp-content\/uploads\/2016\/02\/screw-air-compressors-300x200.jpg 300w, https:\/\/rekakompresor.com\/wp-content\/uploads\/2016\/02\/screw-air-compressors-768x512.jpg 768w, https:\/\/rekakompresor.com\/wp-content\/uploads\/2016\/02\/screw-air-compressors.jpg 940w\" sizes=\"(max-width: 300px) 100vw, 300px\" \/><div class=\"image-overlay-link\"><\/div><\/a><\/div> <div class=\"item-description\"><h5><a href=\"https:\/\/rekakompresor.com\/en\/urun\/screw-air-compressors\">Screw Air Compressors<\/a><\/h5><p>Screw air compressors operate with control panels on the principle of<\/p><\/div><\/div><\/p>\n<div class=\"columns sixteen   \"><div class=\"headline no-margin\"><h3>Our Customers<\/h3><\/div><div class=\"client-list\"><\/p>\n<ul>\n<li><a title=\"Aygaz\" href=\"#\"><img loading=\"lazy\" class=\"alignnone size-full wp-image-15\" src=\"https:\/\/rekakompresor.com\/wp-content\/uploads\/2012\/10\/01-Aygaz.jpg\" alt=\"\" width=\"187\" height=\"95\" \/><\/a><\/li>\n<li><a title=\"\u00c7imsa\" href=\"#\"><img loading=\"lazy\" class=\"alignnone size-full wp-image-15\" src=\"https:\/\/rekakompresor.com\/wp-content\/uploads\/2012\/10\/02-Cimsa.jpg\" alt=\"\" width=\"187\" height=\"95\" \/><\/a><\/li>\n<li><a title=\"Eti\" href=\"#\"><img loading=\"lazy\" class=\"alignnone size-full wp-image-15\" src=\"https:\/\/rekakompresor.com\/wp-content\/uploads\/2012\/10\/03-Eti.jpg\" alt=\"\" width=\"187\" height=\"95\" \/><\/a><\/li>\n<li><a title=\"Tamek\" href=\"#\"><img loading=\"lazy\" class=\"alignnone size-full wp-image-15\" src=\"https:\/\/rekakompresor.com\/wp-content\/uploads\/2012\/10\/05-Tamek.jpg\" alt=\"\" width=\"187\" height=\"95\" \/><\/a><\/li>\n<li><a title=\"Erkul Kozmetik\" href=\"#\"><img loading=\"lazy\" class=\"alignnone size-full wp-image-15\" src=\"https:\/\/rekakompresor.com\/wp-content\/uploads\/2012\/10\/04-Erkul-Kozmetik.jpg\" alt=\"\" width=\"187\" height=\"95\" \/><\/a><\/li>\n<\/ul>\n<p><\/div><\/div>\n","protected":false},"excerpt":{"rendered":"","protected":false},"author":1,"featured_media":0,"parent":0,"menu_order":1,"comment_status":"open","ping_status":"closed","template":"template-home.php","meta":{"ngg_post_thumbnail":0},"yoast_head":"<!-- This site is optimized with the Yoast SEO plugin v14.9 - https:\/\/yoast.com\/wordpress\/plugins\/seo\/ -->\n<meta name=\"robots\" content=\"index, follow, max-snippet:-1, max-image-preview:large, max-video-preview:-1\" \/>\n<link rel=\"canonical\" href=\"https:\/\/www.rekakompresor.com\/en\/\" \/>\n<meta property=\"og:locale\" content=\"en_US\" \/>\n<meta property=\"og:type\" content=\"article\" \/>\n<meta property=\"og:title\" content=\"Reka Compressor -\u00a0Screw\u00a0Compressor, Sessiz Compressor\" \/>\n<meta property=\"og:url\" content=\"https:\/\/www.rekakompresor.com\/en\/\" \/>\n<meta property=\"og:site_name\" content=\"Reka Kompres\u00f6r\" \/>\n<meta property=\"article:modified_time\" content=\"2016-02-16T18:43:31+00:00\" \/>\n<meta property=\"og:image\" content=\"https:\/\/rekakompresor.com\/wp-content\/uploads\/2012\/10\/01-Aygaz.jpg\" \/>\n<script type=\"application\/ld+json\" class=\"yoast-schema-graph\">{\"@context\":\"https:\/\/schema.org\",\"@graph\":[{\"@type\":\"WebSite\",\"@id\":\"https:\/\/rekakompresor.com\/en\/#website\",\"url\":\"https:\/\/rekakompresor.com\/en\/\",\"name\":\"Reka Kompres\\u00f6r\",\"description\":\"\",\"potentialAction\":[{\"@type\":\"SearchAction\",\"target\":\"https:\/\/rekakompresor.com\/en\/?s={search_term_string}\",\"query-input\":\"required name=search_term_string\"}],\"inLanguage\":\"en-US\"},{\"@type\":\"ImageObject\",\"@id\":\"https:\/\/www.rekakompresor.com\/en\/#primaryimage\",\"inLanguage\":\"en-US\",\"url\":\"https:\/\/rekakompresor.com\/wp-content\/uploads\/2012\/10\/01-Aygaz.jpg\",\"width\":187,\"height\":95},{\"@type\":\"WebPage\",\"@id\":\"https:\/\/www.rekakompresor.com\/en\/#webpage\",\"url\":\"https:\/\/www.rekakompresor.com\/en\/\",\"name\":\"Reka Compressor -\\u00a0Screw\\u00a0Compressor, Sessiz Compressor\",\"isPartOf\":{\"@id\":\"https:\/\/rekakompresor.com\/en\/#website\"},\"primaryImageOfPage\":{\"@id\":\"https:\/\/www.rekakompresor.com\/en\/#primaryimage\"},\"datePublished\":\"2016-02-16T13:39:42+00:00\",\"dateModified\":\"2016-02-16T18:43:31+00:00\",\"inLanguage\":\"en-US\",\"potentialAction\":[{\"@type\":\"ReadAction\",\"target\":[\"https:\/\/www.rekakompresor.com\/en\/\"]}]}]}<\/script>\n<!-- \/ Yoast SEO plugin. -->","_links":{"self":[{"href":"https:\/\/rekakompresor.com\/en\/wp-json\/wp\/v2\/pages\/803"}],"collection":[{"href":"https:\/\/rekakompresor.com\/en\/wp-json\/wp\/v2\/pages"}],"about":[{"href":"https:\/\/rekakompresor.com\/en\/wp-json\/wp\/v2\/types\/page"}],"author":[{"embeddable":true,"href":"https:\/\/rekakompresor.com\/en\/wp-json\/wp\/v2\/users\/1"}],"replies":[{"embeddable":true,"href":"https:\/\/rekakompresor.com\/en\/wp-json\/wp\/v2\/comments?post=803"}],"version-history":[{"count":5,"href":"https:\/\/rekakompresor.com\/en\/wp-json\/wp\/v2\/pages\/803\/revisions"}],"predecessor-version":[{"id":894,"href":"https:\/\/rekakompresor.com\/en\/wp-json\/wp\/v2\/pages\/803\/revisions\/894"}],"wp:attachment":[{"href":"https:\/\/rekakompresor.com\/en\/wp-json\/wp\/v2\/media?parent=803"}],"curies":[{"name":"wp","href":"https:\/\/api.w.org\/{rel}","templated":true}]}}